{"id":2,"date":"2019-06-20T16:29:20","date_gmt":"2019-06-20T16:29:20","guid":{"rendered":"http:\/\/atlantiqueserrurier.com\/?p=2"},"modified":"2023-11-21T09:40:21","modified_gmt":"2023-11-21T09:40:21","slug":"company","status":"publish","type":"page","link":"https:\/\/atlantiqueserrurier.com\/?page_id=2","title":{"rendered":"Company"},"content":{"rendered":"<h1>Prestations &amp; Tarifs<\/h1>\n<div>\n<p style=\"text-align: center;\"><strong>Tous nos prix sont affich\u00e9s Hors Taxes<\/strong><\/p>\n<\/div>\n<div>\n<h2>FORFAIT URGENCE<\/h2>\n<p>116 \u20ac<\/p>\n<div>\n<p>Intervention en jours ouvr\u00e9 de <strong>8h a 19h<\/strong>.<\/p>\n<p>D\u00e9placement + 1 heure de main d\u2019\u0153uvre sur site (d\u00e9lai 4 heures sauf demande client, hors fournitures )<\/p>\n<\/div>\n<p><a href=\"\/index.php?page_id=3\">Devis<\/a><\/p>\n<\/div>\n<div>\n<h2>FORFAIT INTERVENTION<\/h2>\n<p>96 \u20ac<\/p>\n<div>\n<p>Intervention en jours ouvr\u00e9 de <strong>8H \u00e0 19H.<\/strong><\/p>\n<p>D\u00e9placement + 1 heure de main d\u2019\u0153uvre sur site (hors d\u00e9lai de 4 heures, hors fournitures)<\/p>\n<\/div>\n<p><a href=\"\/index.php?page_id=3\">DEVIS<\/a><\/p>\n<\/div>\n<div>\n<h2>FORFAIT INTERVENTION SPECIALE<\/h2>\n<p>185 \u20ac<\/p>\n<div>\n<p>Intervention sp\u00e9ciale (<strong>Judiciaire Huissier, etc&#8230;<\/strong>) en jours ouvr\u00e9 de 6H \u00e0 19H.<\/p>\n<p>D\u00e9placement + 1 heure de main d\u2019\u0153uvre sur site (hors fournitures)<\/p>\n<\/div>\n<p><a href=\"\/index.php?page_id=3\">DEVIS<\/a><\/p>\n<\/div>\n<div>\n<h2>FORFAIT OUVERTURE PORTE VEROUILLEE AVEC SERRURE SIMPLE<\/h2>\n<p>128 \u20ac<\/p>\n<div>\n<p>Intervention en jours ouvr\u00e9 de 8H \u00e0 19H.<\/p>\n<p>D\u00e9placement + 1 heure de main d\u2019\u0153uvre sur site pour l&rsquo;ouverture d&rsquo;une porte ferm\u00e9e \u00e0 cl\u00e9 et \u00e9quip\u00e9e d&rsquo;une serrure simple.<\/p>\n<\/div>\n<p><a href=\"\/index.php?page_id=3\">Devis<\/a><\/p>\n<\/div>\n<div>\n<h2>FORFAIT OUVERTURE DE PORTE CLAQUEE<\/h2>\n<p>116 \u20ac<\/p>\n<div>\n<p>Intervention en jours ouvr\u00e9 de <strong>8H \u00e0 19H.<\/strong><\/p>\n<p>D\u00e9placement + 1 heure de main d\u2019\u0153uvre sur site pour l&rsquo;ouverture d&rsquo;une porte simple claqu\u00e9e.<\/p>\n<\/div>\n<p><a href=\"\/index.php?page_id=3\">DEVIS<\/a><\/p>\n<\/div>\n<div>\n<h2>FORFAIT OUVERTURE DE PORTE VEROUILLE AVEC SERURE DE SECURITE<\/h2>\n<p>185 \u20ac<\/p>\n<div>\n<p>Intervention en jours ouvr\u00e9 de 8H \u00e0 19H.<\/p>\n<p>D\u00e9placement + 2h30 de main d\u2019\u0153uvre sur site pour l&rsquo;ouverture d&rsquo;une porte ferm\u00e9e \u00e0 cl\u00e9 et \u00e9quip\u00e9e d&rsquo;une serrure de s\u00e9curit\u00e9.<\/p>\n<\/div>\n<p><a href=\"\/index.php?page_id=3\">DEVIS<\/a><\/p>\n<\/div>\n<div>\n<h2>FORFAIT MISE EN PLACE D&rsquo;UNE SERRURE PROVISOIRE<\/h2>\n<p>116 \u20ac<\/p>\n<div>\n<p>Intervention en jours ouvr\u00e9 de <strong>8H \u00e0 19H. <\/strong>D\u00e9placement + 1 heure de main d\u2019\u0153uvre sur site pour la mise en place d&rsquo;une fermeture provisoire de tout type (cylindre, serrure, verrou, &#8230;) pour maintient d&rsquo;usage et dans l&rsquo;attente d&rsquo;une r\u00e9paration d\u00e9finitive (hors fournitures).<\/p>\n<\/div>\n<p><a href=\"\/index.php?page_id=3\">DEVIS<\/a><\/p>\n<\/div>\n<div>\n<h2>PLUS VALUE SOIR<\/h2>\n<p>50 %<\/p>\n<div>\n<p>Intervention les soirs de 19H \u00e0 24H et week-end.<\/p>\n<p>A appliquer sur les forfaits concern\u00e9s, et main d\u2019\u0153uvre suppl\u00e9mentaire.<\/p>\n<\/div>\n<p><a href=\"\/index.php?page_id=3\">Devis<\/a><\/p>\n<\/div>\n<div>\n<h2>PLUS VALUE NUIT &#038; JOURS FERIES<\/h2>\n<p>80 %<\/p>\n<div>\n<div class=\"el-content uk-panel uk-margin-top\">\n<p>Intervention d\u2019urgence de nuit de 00H \u00e0 8H, et jours f\u00e9ri\u00e9s.<\/p>\n<p>A appliquer sur les forfaits concern\u00e9s et main d\u2019oeuvre suppl\u00e9mentaire.<\/p>\n<\/div>\n<\/div>\n<p><a href=\"\/index.php?page_id=3\">DEVIS<\/a><\/p>\n<\/div>\n<div>\n<h2>PLUS VALUE DEPLACEMENT LOINTAIN<\/h2>\n<p>35 \u20ac<\/p>\n<div>\n<p>D\u00e9placement au del\u00e0 du rayon de 30 kilom\u00e8tres autour de CARQUEFOU.<\/p>\n<p>A ajouter au forfait concern\u00e9 et main d\u2019\u0153uvre suppl\u00e9mentaire<\/p>\n<\/div>\n<p><a href=\"\/index.php?page_id=3\">Devis<\/a><\/p>\n<\/div>\n<p><!-- {\"name\":\"Pricing\",\"type\":\"layout\",\"children\":[{\"name\":\"Pricing\",\"type\":\"section\",\"props\":{\"animation\":\"slide-bottom-small\",\"animation_delay\":false,\"image_position\":\"center-center\",\"image_size\":\"cover\",\"padding\":\"large\",\"style\":\"muted\",\"title_breakpoint\":\"xl\",\"title_position\":\"top-left\",\"title_rotation\":\"left\",\"vertical_align\":\"middle\",\"width\":\"default\"},\"children\":[{\"type\":\"row\",\"props\":{\"column_gap\":\"large\",\"row_gap\":\"large\"},\"children\":[{\"type\":\"column\",\"children\":[{\"type\":\"headline\",\"props\":{\"content\":\"Prestations &amp; Tarifs\",\"text_align\":\"center\",\"title_element\":\"h1\"}},{\"type\":\"text\",\"props\":{\"margin\":\"default\",\"column_breakpoint\":\"m\",\"content\":\"\n\n<p style=\\\"text-align: center;\\\"><strong>Tous nos prix sont affich\\u00e9s Hors Taxes<\\\/strong><\\\/p>\"}}],\"props\":{\"image_position\":\"center-center\",\"position_sticky_breakpoint\":\"m\",\"width_medium\":\"1-1\",\"media_overlay_gradient\":\"\"}}]},{\"type\":\"row\",\"props\":{\"column_gap\":\"large\",\"divider\":false,\"layout\":\"1-3,1-3,1-3\",\"margin\":\"large\",\"row_gap\":\"large\",\"vertical_align\":true},\"children\":[{\"type\":\"column\",\"props\":{\"image_position\":\"center-center\",\"position_sticky_breakpoint\":\"m\",\"vertical_align\":\"middle\",\"width_medium\":\"1-3\",\"media_overlay_gradient\":\"\"},\"children\":[{\"type\":\"panel\",\"props\":{\"animation\":\"slide-left-medium\",\"content\":\"\n\n<p>Intervention en jours ouvr\\u00e9 de <strong>8h a 19h<\\\/strong>.<\\\/p>\\n\n\n<p>D\\u00e9placement + 1 heure de main d\\u2019\\u0153uvre sur site (d\\u00e9lai 4 heures sauf demande client, hors fournitures )<\\\/p>\",\"content_column_breakpoint\":\"m\",\"icon_width\":80,\"image_align\":\"top\",\"image_grid_breakpoint\":\"m\",\"image_grid_width\":\"1-2\",\"image_svg_color\":\"emphasis\",\"link\":\"index.php?page_id=3\",\"link_style\":\"default\",\"link_text\":\"Devis\",\"margin\":\"\",\"meta\":\"116 \\u20ac\",\"meta_align\":\"below-title\",\"meta_element\":\"div\",\"meta_style\":\"heading-small\",\"panel_padding\":\"large\",\"panel_style\":\"card-hover\",\"text_align\":\"center\",\"title\":\"FORFAIT URGENCE\",\"title_align\":\"top\",\"title_color\":\"primary\",\"title_element\":\"h2\",\"title_grid_breakpoint\":\"m\",\"title_grid_width\":\"1-2\",\"title_hover_style\":\"reset\",\"title_style\":\"h6\"}}]},{\"type\":\"column\",\"props\":{\"image_position\":\"center-center\",\"position_sticky_breakpoint\":\"m\",\"vertical_align\":\"middle\",\"width_medium\":\"1-3\",\"media_overlay_gradient\":\"\"},\"children\":[{\"type\":\"panel\",\"props\":{\"animation\":\"slide-bottom-medium\",\"content\":\"\n\n<p>Intervention en jours ouvr\\u00e9 de <strong>8H \\u00e0 19H.<\\\/strong><\\\/p>\\n\n\n<p>D\\u00e9placement + 1 heure de main d\\u2019\\u0153uvre sur site (hors d\\u00e9lai de 4 heures, hors fournitures)<\\\/p>\",\"content_column_breakpoint\":\"m\",\"icon_width\":80,\"image_align\":\"top\",\"image_grid_breakpoint\":\"m\",\"image_grid_width\":\"1-2\",\"image_svg_color\":\"emphasis\",\"link\":\"index.php?page_id=3\",\"link_style\":\"primary\",\"link_text\":\"DEVIS\",\"margin\":\"\",\"meta\":\"96 \\u20ac\",\"meta_align\":\"below-title\",\"meta_element\":\"div\",\"meta_style\":\"heading-small\",\"panel_padding\":\"large\",\"panel_style\":\"card-secondary\",\"text_align\":\"center\",\"title\":\"FORFAIT INTERVENTION\",\"title_align\":\"top\",\"title_color\":\"emphasis\",\"title_element\":\"h2\",\"title_grid_breakpoint\":\"m\",\"title_grid_width\":\"1-2\",\"title_hover_style\":\"reset\",\"title_style\":\"h6\"}}]},{\"type\":\"column\",\"props\":{\"image_position\":\"center-center\",\"position_sticky_breakpoint\":\"m\",\"vertical_align\":\"middle\",\"width_medium\":\"1-3\",\"media_overlay_gradient\":\"\"},\"children\":[{\"type\":\"panel\",\"props\":{\"animation\":\"slide-right-medium\",\"content\":\"\n\n<p>Intervention sp\\u00e9ciale (<strong>Judiciaire Huissier, etc...<\\\/strong>) en jours ouvr\\u00e9 de 6H \\u00e0 19H.<\\\/p>\\n\n\n<p>D\\u00e9placement + 1 heure de main d\\u2019\\u0153uvre sur site (hors fournitures)<\\\/p>\",\"content_column_breakpoint\":\"m\",\"icon_width\":80,\"image_align\":\"top\",\"image_grid_breakpoint\":\"m\",\"image_grid_width\":\"1-2\",\"image_svg_color\":\"emphasis\",\"link\":\"index.php?page_id=3\",\"link_style\":\"default\",\"link_text\":\"DEVIS\",\"margin\":\"\",\"meta\":\"185 \\u20ac\",\"meta_align\":\"below-title\",\"meta_element\":\"div\",\"meta_style\":\"heading-small\",\"panel_padding\":\"large\",\"panel_style\":\"card-hover\",\"text_align\":\"center\",\"title\":\"FORFAIT INTERVENTION SPECIALE\",\"title_align\":\"top\",\"title_color\":\"primary\",\"title_element\":\"h2\",\"title_grid_breakpoint\":\"m\",\"title_grid_width\":\"1-2\",\"title_hover_style\":\"reset\",\"title_style\":\"h6\"}}]}]},{\"type\":\"row\",\"props\":{\"column_gap\":\"large\",\"divider\":false,\"layout\":\"1-3,1-3,1-3\",\"margin\":\"large\",\"row_gap\":\"large\",\"vertical_align\":true},\"children\":[{\"type\":\"column\",\"props\":{\"image_position\":\"center-center\",\"position_sticky_breakpoint\":\"m\",\"vertical_align\":\"middle\",\"width_medium\":\"1-3\",\"media_overlay_gradient\":\"\"},\"children\":[{\"type\":\"panel\",\"props\":{\"animation\":\"slide-left-medium\",\"content\":\"\n\n<p>Intervention en jours ouvr\\u00e9 de 8H \\u00e0 19H.<\\\/p>\\n\n\n<p>D\\u00e9placement + 1 heure de main d\\u2019\\u0153uvre sur site pour l'ouverture d'une porte ferm\\u00e9e \\u00e0 cl\\u00e9 et \\u00e9quip\\u00e9e d'une serrure simple.<\\\/p>\",\"content_column_breakpoint\":\"m\",\"icon_width\":80,\"image_align\":\"top\",\"image_grid_breakpoint\":\"m\",\"image_grid_width\":\"1-2\",\"image_svg_color\":\"emphasis\",\"link\":\"index.php?page_id=3\",\"link_style\":\"default\",\"link_text\":\"Devis\",\"margin\":\"\",\"meta\":\"128 \\u20ac\",\"meta_align\":\"below-title\",\"meta_element\":\"div\",\"meta_style\":\"heading-small\",\"panel_padding\":\"large\",\"panel_style\":\"card-hover\",\"text_align\":\"center\",\"title\":\"FORFAIT OUVERTURE PORTE VEROUILLEE AVEC SERRURE SIMPLE\",\"title_align\":\"top\",\"title_color\":\"primary\",\"title_element\":\"h2\",\"title_grid_breakpoint\":\"m\",\"title_grid_width\":\"1-2\",\"title_hover_style\":\"reset\",\"title_style\":\"h6\"}}]},{\"type\":\"column\",\"props\":{\"image_position\":\"center-center\",\"position_sticky_breakpoint\":\"m\",\"vertical_align\":\"middle\",\"width_medium\":\"1-3\",\"media_overlay_gradient\":\"\"},\"children\":[{\"type\":\"panel\",\"props\":{\"animation\":\"slide-bottom-medium\",\"content\":\"\n\n<p>Intervention en jours ouvr\\u00e9 de <strong>8H \\u00e0 19H.<\\\/strong><\\\/p>\\n\n\n<p>D\\u00e9placement + 1 heure de main d\\u2019\\u0153uvre sur site pour l'ouverture d'une porte simple claqu\\u00e9e.<\\\/p>\",\"content_column_breakpoint\":\"m\",\"icon_width\":80,\"image_align\":\"top\",\"image_grid_breakpoint\":\"m\",\"image_grid_width\":\"1-2\",\"image_svg_color\":\"emphasis\",\"link\":\"index.php?page_id=3\",\"link_style\":\"primary\",\"link_text\":\"DEVIS\",\"margin\":\"\",\"meta\":\"116 \\u20ac\",\"meta_align\":\"below-title\",\"meta_element\":\"div\",\"meta_style\":\"heading-small\",\"panel_padding\":\"large\",\"panel_style\":\"card-secondary\",\"text_align\":\"center\",\"title\":\"FORFAIT OUVERTURE DE PORTE CLAQUEE\",\"title_align\":\"top\",\"title_color\":\"emphasis\",\"title_element\":\"h2\",\"title_grid_breakpoint\":\"m\",\"title_grid_width\":\"1-2\",\"title_hover_style\":\"reset\",\"title_style\":\"h6\"}}]},{\"type\":\"column\",\"props\":{\"image_position\":\"center-center\",\"position_sticky_breakpoint\":\"m\",\"vertical_align\":\"middle\",\"width_medium\":\"1-3\",\"media_overlay_gradient\":\"\"},\"children\":[{\"type\":\"panel\",\"props\":{\"animation\":\"slide-right-medium\",\"content\":\"\n\n<p>Intervention en jours ouvr\\u00e9 de 8H \\u00e0 19H.<\\\/p>\\n\n\n<p>D\\u00e9placement + 2h30 de main d\\u2019\\u0153uvre sur site pour l'ouverture d'une porte ferm\\u00e9e \\u00e0 cl\\u00e9 et \\u00e9quip\\u00e9e d'une serrure de s\\u00e9curit\\u00e9.<\\\/p>\",\"content_column_breakpoint\":\"m\",\"icon_width\":80,\"image_align\":\"top\",\"image_grid_breakpoint\":\"m\",\"image_grid_width\":\"1-2\",\"image_svg_color\":\"emphasis\",\"link\":\"index.php?page_id=3\",\"link_style\":\"default\",\"link_text\":\"DEVIS\",\"margin\":\"\",\"meta\":\"185 \\u20ac\",\"meta_align\":\"below-title\",\"meta_element\":\"div\",\"meta_style\":\"heading-small\",\"panel_padding\":\"large\",\"panel_style\":\"card-hover\",\"text_align\":\"center\",\"title\":\"FORFAIT OUVERTURE DE PORTE VEROUILLE AVEC SERURE DE SECURITE\",\"title_align\":\"top\",\"title_color\":\"primary\",\"title_element\":\"h2\",\"title_grid_breakpoint\":\"m\",\"title_grid_width\":\"1-2\",\"title_hover_style\":\"reset\",\"title_style\":\"h6\"}}]}]},{\"type\":\"row\",\"props\":{\"column_gap\":\"large\",\"divider\":false,\"margin\":\"large\",\"row_gap\":\"large\",\"vertical_align\":true},\"children\":[{\"type\":\"column\",\"props\":{\"image_position\":\"center-center\",\"position_sticky_breakpoint\":\"m\",\"vertical_align\":\"middle\",\"width_medium\":\"\",\"media_overlay_gradient\":\"\"},\"children\":[{\"type\":\"panel\",\"props\":{\"animation\":\"slide-bottom-medium\",\"content\":\"\n\n<p>Intervention en jours ouvr\\u00e9 de <strong>8H \\u00e0 19H. <\\\/strong>D\\u00e9placement + 1 heure de main d\\u2019\\u0153uvre sur site pour la mise en place d'une fermeture provisoire de tout type (cylindre, serrure, verrou, ...) pour maintient d'usage et dans l'attente d'une r\\u00e9paration d\\u00e9finitive (hors fournitures).<\\\/p>\",\"content_column_breakpoint\":\"m\",\"icon_width\":80,\"image_align\":\"top\",\"image_grid_breakpoint\":\"m\",\"image_grid_width\":\"1-2\",\"image_svg_color\":\"emphasis\",\"link\":\"index.php?page_id=3\",\"link_style\":\"primary\",\"link_text\":\"DEVIS\",\"margin\":\"\",\"meta\":\"116 \\u20ac\",\"meta_align\":\"below-title\",\"meta_element\":\"div\",\"meta_style\":\"heading-small\",\"panel_padding\":\"large\",\"panel_style\":\"card-secondary\",\"text_align\":\"center\",\"title\":\"FORFAIT MISE EN PLACE D'UNE SERRURE PROVISOIRE\",\"title_align\":\"top\",\"title_color\":\"emphasis\",\"title_element\":\"h2\",\"title_grid_breakpoint\":\"m\",\"title_grid_width\":\"1-2\",\"title_hover_style\":\"reset\",\"title_style\":\"h6\"}}]}]},{\"type\":\"row\",\"props\":{\"column_gap\":\"large\",\"divider\":false,\"layout\":\"1-3,1-3,1-3\",\"margin\":\"large\",\"row_gap\":\"large\",\"vertical_align\":true},\"children\":[{\"type\":\"column\",\"props\":{\"image_position\":\"center-center\",\"position_sticky_breakpoint\":\"m\",\"vertical_align\":\"middle\",\"width_medium\":\"1-3\",\"media_overlay_gradient\":\"\"},\"children\":[{\"type\":\"panel\",\"props\":{\"animation\":\"slide-left-medium\",\"content\":\"\n\n<p>Intervention les soirs de 19H \\u00e0 24H et week-end.<\\\/p>\\n\n\n<p>A appliquer sur les forfaits concern\\u00e9s, et main d\\u2019\\u0153uvre suppl\\u00e9mentaire.<\\\/p>\",\"content_column_breakpoint\":\"m\",\"icon_width\":80,\"image_align\":\"top\",\"image_grid_breakpoint\":\"m\",\"image_grid_width\":\"1-2\",\"image_svg_color\":\"emphasis\",\"link\":\"index.php?page_id=3\",\"link_style\":\"default\",\"link_text\":\"Devis\",\"margin\":\"\",\"meta\":\"50 %\",\"meta_align\":\"below-title\",\"meta_element\":\"div\",\"meta_style\":\"heading-small\",\"panel_padding\":\"large\",\"panel_style\":\"card-hover\",\"text_align\":\"center\",\"title\":\"PLUS VALUE SOIR\",\"title_align\":\"top\",\"title_color\":\"primary\",\"title_element\":\"h2\",\"title_grid_breakpoint\":\"m\",\"title_grid_width\":\"1-2\",\"title_hover_style\":\"reset\",\"title_style\":\"h6\"}}]},{\"type\":\"column\",\"props\":{\"image_position\":\"center-center\",\"position_sticky_breakpoint\":\"m\",\"vertical_align\":\"middle\",\"width_medium\":\"1-3\",\"media_overlay_gradient\":\"\"},\"children\":[{\"type\":\"panel\",\"props\":{\"animation\":\"slide-bottom-medium\",\"content\":\"\n\n<div class=\\\"el-content uk-panel uk-margin-top\\\">\\n\n\n<p>Intervention d\\u2019urgence de nuit de 00H \\u00e0 8H, et jours f\\u00e9ri\\u00e9s.<\\\/p>\\n\n\n<p>A appliquer sur les forfaits concern\\u00e9s et main d\\u2019oeuvre suppl\\u00e9mentaire.<\\\/p>\\n<\\\/div>\",\"content_column_breakpoint\":\"m\",\"icon_width\":80,\"image_align\":\"top\",\"image_grid_breakpoint\":\"m\",\"image_grid_width\":\"1-2\",\"image_svg_color\":\"emphasis\",\"link\":\"index.php?page_id=3\",\"link_style\":\"primary\",\"link_text\":\"DEVIS\",\"margin\":\"\",\"meta\":\"80 %\",\"meta_align\":\"below-title\",\"meta_element\":\"div\",\"meta_style\":\"heading-small\",\"panel_padding\":\"large\",\"panel_style\":\"card-secondary\",\"text_align\":\"center\",\"title\":\"PLUS VALUE NUIT & JOURS FERIES\",\"title_align\":\"top\",\"title_color\":\"emphasis\",\"title_element\":\"h2\",\"title_grid_breakpoint\":\"m\",\"title_grid_width\":\"1-2\",\"title_hover_style\":\"reset\",\"title_style\":\"h6\"}}]},{\"type\":\"column\",\"props\":{\"image_position\":\"center-center\",\"media_overlay_gradient\":\"\",\"width_medium\":\"1-3\"},\"children\":[{\"type\":\"panel\",\"props\":{\"animation\":\"slide-left-medium\",\"content\":\"\n\n<p>D\\u00e9placement au del\\u00e0 du rayon de 30 kilom\\u00e8tres autour de CARQUEFOU.<\\\/p>\\n\n\n<p>A ajouter au forfait concern\\u00e9 et main d\\u2019\\u0153uvre suppl\\u00e9mentaire<\\\/p>\",\"content_column_breakpoint\":\"m\",\"icon_width\":80,\"image_align\":\"top\",\"image_grid_breakpoint\":\"m\",\"image_grid_width\":\"1-2\",\"image_svg_color\":\"emphasis\",\"link\":\"index.php?page_id=3\",\"link_style\":\"default\",\"link_text\":\"Devis\",\"margin\":\"\",\"meta\":\"35 \\u20ac\",\"meta_align\":\"below-title\",\"meta_element\":\"div\",\"meta_style\":\"heading-small\",\"panel_padding\":\"large\",\"panel_style\":\"card-hover\",\"text_align\":\"center\",\"title\":\"PLUS VALUE DEPLACEMENT LOINTAIN\",\"title_align\":\"top\",\"title_color\":\"primary\",\"title_element\":\"h2\",\"title_grid_breakpoint\":\"m\",\"title_grid_width\":\"1-2\",\"title_hover_style\":\"reset\",\"title_style\":\"h6\"}}]}]}]}],\"version\":\"2.2.5\"} --><\/p>\n","protected":false},"excerpt":{"rendered":"<p>Prestations &amp; Tarifs Tous nos prix sont affich\u00e9s Hors Taxes FORFAIT URGENCE 116 \u20ac Intervention en jours ouvr\u00e9 de 8h a 19h. D\u00e9placement + 1 heure de main d\u2019\u0153uvre sur site (d\u00e9lai 4 heures sauf demande client, hors fournitures ) Devis FORFAIT INTERVENTION 96 \u20ac Intervention en jours ouvr\u00e9 de 8H \u00e0 19H. D\u00e9placement + [&hellip;]<\/p>\n","protected":false},"author":1,"featured_media":0,"parent":0,"menu_order":5,"comment_status":"open","ping_status":"open","template":"","meta":[],"_links":{"self":[{"href":"https:\/\/atlantiqueserrurier.com\/index.php?rest_route=\/wp\/v2\/pages\/2"}],"collection":[{"href":"https:\/\/atlantiqueserrurier.com\/index.php?rest_route=\/wp\/v2\/pages"}],"about":[{"href":"https:\/\/atlantiqueserrurier.com\/index.php?rest_route=\/wp\/v2\/types\/page"}],"author":[{"embeddable":true,"href":"https:\/\/atlantiqueserrurier.com\/index.php?rest_route=\/wp\/v2\/users\/1"}],"replies":[{"embeddable":true,"href":"https:\/\/atlantiqueserrurier.com\/index.php?rest_route=%2Fwp%2Fv2%2Fcomments&post=2"}],"version-history":[{"count":70,"href":"https:\/\/atlantiqueserrurier.com\/index.php?rest_route=\/wp\/v2\/pages\/2\/revisions"}],"predecessor-version":[{"id":1308,"href":"https:\/\/atlantiqueserrurier.com\/index.php?rest_route=\/wp\/v2\/pages\/2\/revisions\/1308"}],"wp:attachment":[{"href":"https:\/\/atlantiqueserrurier.com\/index.php?rest_route=%2Fwp%2Fv2%2Fmedia&parent=2"}],"curies":[{"name":"wp","href":"https:\/\/api.w.org\/{rel}","templated":true}]}}